{"id":639,"date":"2019-03-22T15:39:26","date_gmt":"2019-03-22T15:39:26","guid":{"rendered":"http:\/\/marktsoft.hu\/?page_id=639"},"modified":"2021-11-30T22:02:19","modified_gmt":"2021-11-30T22:02:19","slug":"home","status":"publish","type":"page","link":"https:\/\/staging.uai.group\/en\/","title":{"rendered":"Home"},"content":{"rendered":"<p>Comprehensive software solutions from design to operationSystem developmentDesign and optimization of high complexity, scaled and distributed systemsIT consultancyComprehensive technological and methodological supportSoftware developmentSupport or takeover of software development projects, even for the entire life cycleIndustrial software solutionsOur experience in product and tool development helps to relieve your own resourcesEmbedded systemsHardware, firmware development and testingMobile applicationsApplication development for any mobile platform<br \/>\n\t\t\t\t\t\t\t\t\t\t\t\t\t\tEl\u0151z\u0151<br \/>\n\t\t\t\t\t\t\t\t\t\t\t\t\t\tK\u00f6vetkez\u0151<\/p>\n<h1><strong>Our aim<\/strong> is to build up a long-term strategic partnership with our customers<\/h1>\n<p>Our colleagues\u2019 up-to-date expertise, experience and commitment is the solid ground that guarantees the satisfaction of our clients. High-standard services that are in full harmony with client demands ensure the success and highest value of our company.<\/p>\n<figure><img decoding=\"async\" src=\"https:\/\/staging.uai.group\/wp-content\/uploads\/elementor\/thumbs\/icon_7-o0cwarplo0if0w990camlmvqv0lin26a52s9lx4yro.png\" title=\"icon_7\" alt=\"icon_7\" \/><\/figure>\n<h4>Software development<\/h4>\n<p>We provide full software development solutions in accordance with our clients\u2019 demands.<\/p>\n<figure><img decoding=\"async\" src=\"https:\/\/staging.uai.group\/wp-content\/uploads\/elementor\/thumbs\/icon_6-o0cwaptxni2lq3ktc64zjc9bval0ffc6gb7hvwefn4.png\" title=\"icon_6\" alt=\"icon_6\" \/><\/figure>\n<h4>App development<\/h4>\n<p>With our expertise in the latest technologies, we help our clients find the suitable solution.<\/p>\n<figure><img decoding=\"async\" src=\"https:\/\/staging.uai.group\/wp-content\/uploads\/elementor\/thumbs\/icon_3-o0cwan0f2zyqr9owsmx3tuyy34ywsc0zfx91g2im5s.png\" title=\"icon_3\" alt=\"icon_3\" \/><\/figure>\n<h4>System development<\/h4>\n<p>With a thorough examination, we explore whether a product can be developed out of an idea and if yes, how.<\/p>\n<figure><img decoding=\"async\" src=\"https:\/\/staging.uai.group\/wp-content\/uploads\/elementor\/thumbs\/icon_2-o0cwam2kw5xgfnq9y4ih9d7hhr3jkmx93sljysk0c0.png\" title=\"icon_2\" alt=\"icon_2\" \/><\/figure>\n<h4>Embedded systems<\/h4>\n<p>Development and testing of hardware and firmware.<\/p>\n<p>Our company\u2019s wide array of services maximally covers our clients\u2019 demands<\/p>\n<h1 style=\"background: transparent; border: 0px; margin: 0px; padding: 0px 0px 23px; vertical-align: baseline; font-weight: 300; font-family: 'Open Sans', Helvetica, Arial, sans-serif; color: #181818; font-size: 33px; line-height: 36px;\"><strong>The up-to-date expertise of our consultants and developers guarantees the satisfaction of our clients.<\/strong><\/h1>\n<h1 style=\"background: transparent; border: 0px; margin: 0px; padding: 0px 0px 23px; vertical-align: baseline; font-weight: 300; font-family: 'Open Sans', Helvetica, Arial, sans-serif; color: #181818; font-size: 33px; line-height: 36px;\">Our company is available for its clients with its 20 years of experience in the fields of custom software development and IT consultancy.<\/h1>\n<p>Since the beginnings, our core profile is software development in international environment by making use of the cost-efficiency of outsourcing.<\/p>\n<h2 style=\"background: transparent; border: 0px; margin: 0px; padding: 0px; vertical-align: baseline; font-weight: normal; font-family: 'Open Sans', Helvetica, Arial, sans-serif; color: #434f55; font-size: 17px; line-height: 23px;\">All our colleagues \u2013 all developers and managers \u2013 have a higher-level education, many of them hold several diplomas and degrees. Many members of the management team have worked abroad for a long period of time and have held a responsible leading position at Hungary\u2019s biggest software companies. Extremely low turnover proves the high-level commitment and motivation of our colleagues. All the team members can easily communicate in English, moreover, communication with clients in German language is also not a problem.<\/h2>\n<figure>\n\t\t\t\t\t\t\t\t\t\t<img decoding=\"async\" width=\"525\" height=\"385\" src=\"https:\/\/staging.uai.group\/wp-content\/uploads\/2018\/12\/01_devlopment.png\" alt=\"\" loading=\"lazy\" srcset=\"https:\/\/staging.uai.group\/wp-content\/uploads\/2018\/12\/01_devlopment.png 730w, https:\/\/staging.uai.group\/wp-content\/uploads\/2018\/12\/01_devlopment-300x220.png 300w\" sizes=\"auto, 100vw\" \/><figcaption><\/figcaption><\/figure>\n<h3>\n\t\t\t\t\tApp development<br \/>\n\t\t\t\t<\/h3>\n<figure>\n\t\t\t\t\t\t\t\t\t\t<img decoding=\"async\" width=\"525\" height=\"385\" src=\"https:\/\/staging.uai.group\/wp-content\/uploads\/2018\/12\/03_system_engineering.jpg\" alt=\"\" loading=\"lazy\" srcset=\"https:\/\/staging.uai.group\/wp-content\/uploads\/2018\/12\/03_system_engineering.jpg 730w, https:\/\/staging.uai.group\/wp-content\/uploads\/2018\/12\/03_system_engineering-300x220.jpg 300w\" sizes=\"auto, 100vw\" \/><figcaption><\/figcaption><\/figure>\n<h3>\n\t\t\t\t\tSystem development<br \/>\n\t\t\t\t<\/h3>\n<p>\t\t\t<a href=\"https:\/\/staging.uai.group\/de\/en\/our-services\/\" role=\"button\"><br \/>\n\t\t\t\t\t\tGo to Services<br \/>\n\t\t\t\t\t<\/a><\/p>\n<figure>\n\t\t\t\t\t\t\t\t\t\t<img decoding=\"async\" width=\"525\" height=\"385\" src=\"https:\/\/staging.uai.group\/wp-content\/uploads\/2018\/12\/05_project_management.jpg\" alt=\"\" loading=\"lazy\" srcset=\"https:\/\/staging.uai.group\/wp-content\/uploads\/2018\/12\/05_project_management.jpg 730w, https:\/\/staging.uai.group\/wp-content\/uploads\/2018\/12\/05_project_management-300x220.jpg 300w\" sizes=\"auto, 100vw\" \/><figcaption><\/figcaption><\/figure>\n<h3>\n\t\t\t\t\tProject management<br \/>\n\t\t\t\t<\/h3>\n<p>\t\t\t\t0<br \/>\n\t\t\t\t+<br \/>\n\t\t\t\t\t\t\tcompany<br \/>\n\t\t\t\t0<br \/>\n\t\t\t\t+<br \/>\n\t\t\t\t\t\t\tyears of experience<br \/>\n\t\t\t\t0<br \/>\n\t\t\t\t+<br \/>\n\t\t\t\t\t\t\tproject<br \/>\n\t\t\t\t0<br \/>\n\t\t\t\tK<br \/>\n\t\t\t\t\t\t\tcups of coffee<br \/>\n\t\t\t\t0<br \/>\n\t\t\t\tM<br \/>\n\t\t\t\t\t\t\tlines of code<\/p>\n<h4>References<\/h4>\n<p>\t\t\t\t\t\t\t\t\t\t\t\t\t<a href=\"https:\/\/www.gfk.com\" target=\"_blank\" rel=\"noopener\"><br \/>\n\t\t\t\t\t\t\t<img decoding=\"async\" src=\"https:\/\/staging.uai.group\/wp-content\/uploads\/elementor\/thumbs\/logo_r-o3p3v44irhll8huoo12ico2mc7ue2h22j7e4u6mu4g.jpg\" title=\"logo_r\" alt=\"logo_r\" \/>\t\t\t\t\t\t\t\t<\/a><br \/>\n\t\t\t\t\t\t\t\t\t\t\t\t\t<a href=\"https:\/\/www.elster.com\" target=\"_blank\" rel=\"noopener\"><br \/>\n\t\t\t\t\t\t\t<img decoding=\"async\" width=\"104\" height=\"60\" src=\"https:\/\/staging.uai.group\/wp-content\/uploads\/2018\/12\/pic_client_3.jpg\" alt=\"\" loading=\"lazy\" sizes=\"auto, 100vw\" \/>\t\t\t\t\t\t\t\t<\/a><br \/>\n\t\t\t\t\t\t\t\t\t\t\t\t\t<a href=\"https:\/\/www.accenture.com\" target=\"_blank\" rel=\"noopener\"><br \/>\n\t\t\t\t\t\t\t<img decoding=\"async\" width=\"118\" height=\"60\" src=\"https:\/\/staging.uai.group\/wp-content\/uploads\/2018\/12\/pic_client_4.jpg\" alt=\"\" loading=\"lazy\" sizes=\"auto, 100vw\" \/>\t\t\t\t\t\t\t\t<\/a><br \/>\n\t\t\t\t\t\t\t\t\t\t\t\t\t<a href=\"http:\/\/www.abiscon.de\" target=\"_blank\" rel=\"noopener\"><br \/>\n\t\t\t\t\t\t\t<img decoding=\"async\" width=\"261\" height=\"60\" src=\"https:\/\/staging.uai.group\/wp-content\/uploads\/2018\/12\/pic_client_5.jpg\" alt=\"\" loading=\"lazy\" sizes=\"auto, 100vw\" \/>\t\t\t\t\t\t\t\t<\/a><br \/>\n\t\t\t\t\t\t\t\t\t\t\t\t\t<a href=\"https:\/\/www.cal-consult.de\" target=\"_blank\" rel=\"noopener\"><br \/>\n\t\t\t\t\t\t\t<img decoding=\"async\" width=\"250\" height=\"78\" src=\"https:\/\/staging.uai.group\/wp-content\/uploads\/2018\/12\/cal-consult_bb682255971667a1d8f3721ac8c70360.jpg\" alt=\"\" loading=\"lazy\" sizes=\"auto, 100vw\" \/>\t\t\t\t\t\t\t\t<\/a><br \/>\n\t\t\t\t\t\t\t\t\t\t\t\t\t<a href=\"https:\/\/www.conplement.de\" target=\"_blank\" rel=\"noopener\"><br \/>\n\t\t\t\t\t\t\t<img decoding=\"async\" width=\"260\" height=\"62\" src=\"https:\/\/staging.uai.group\/wp-content\/uploads\/2018\/12\/conplement_de.png\" alt=\"\" loading=\"lazy\" sizes=\"auto, 100vw\" \/>\t\t\t\t\t\t\t\t<\/a><\/p>\n","protected":false},"excerpt":{"rendered":"<p>Comprehensive software solutions from design to operationSystem developmentDesign and optimization of high complexity, scaled and distributed systemsIT consultancyComprehensive technological and methodological supportSoftware developmentSupport or takeover of software development projects, even for the entire life cycleIndustrial software solutionsOur experience in product and tool development helps to relieve your own resourcesEmbedded systemsHardware, firmware development and testingMobile applicationsApplication [&hellip;]<\/p>\n","protected":false},"author":2,"featured_media":0,"parent":0,"menu_order":0,"comment_status":"closed","ping_status":"closed","template":"elementor_header_footer","meta":{"footnotes":""},"class_list":["post-639","page","type-page","status-publish","hentry"],"yoast_head":"<!-- This site is optimized with the Yoast SEO Premium plugin v22.9 (Yoast SEO v26.2) - https:\/\/yoast.com\/wordpress\/plugins\/seo\/ -->\n<title>Home - Marktsoft<\/title>\n<meta name=\"robots\" content=\"index, follow, max-snippet:-1, max-image-preview:large, max-video-preview:-1\" \/>\n<link rel=\"canonical\" href=\"https:\/\/staging.uai.group\/en\/\" \/>\n<meta property=\"og:locale\" content=\"en_US\" \/>\n<meta property=\"og:type\" content=\"article\" \/>\n<meta property=\"og:title\" content=\"Home\" \/>\n<meta property=\"og:description\" content=\"Comprehensive software solutions from design to operationSystem developmentDesign and optimization of high complexity, scaled and distributed systemsIT consultancyComprehensive technological and methodological supportSoftware developmentSupport or takeover of software development projects, even for the entire life cycleIndustrial software solutionsOur experience in product and tool development helps to relieve your own resourcesEmbedded systemsHardware, firmware development and testingMobile applicationsApplication [&hellip;]\" \/>\n<meta property=\"og:url\" content=\"https:\/\/staging.uai.group\/en\/\" \/>\n<meta property=\"og:site_name\" content=\"Marktsoft\" \/>\n<meta property=\"article:publisher\" content=\"https:\/\/www.facebook.com\/marktsoft\" \/>\n<meta property=\"article:modified_time\" content=\"2021-11-30T22:02:19+00:00\" \/>\n<meta property=\"og:image\" content=\"https:\/\/staging.uai.group\/wp-content\/uploads\/elementor\/thumbs\/icon_7-o0cwarplo0if0w990camlmvqv0lin26a52s9lx4yro.png\" \/>\n<meta name=\"twitter:card\" content=\"summary_large_image\" \/>\n<meta name=\"twitter:label1\" content=\"Est. reading time\" \/>\n\t<meta name=\"twitter:data1\" content=\"5 minutes\" \/>\n<script type=\"application\/ld+json\" class=\"yoast-schema-graph\">{\"@context\":\"https:\/\/schema.org\",\"@graph\":[{\"@type\":\"WebPage\",\"@id\":\"https:\/\/staging.uai.group\/en\/\",\"url\":\"https:\/\/staging.uai.group\/en\/\",\"name\":\"Home - Marktsoft\",\"isPartOf\":{\"@id\":\"https:\/\/staging.uai.group\/#website\"},\"primaryImageOfPage\":{\"@id\":\"https:\/\/staging.uai.group\/en\/#primaryimage\"},\"image\":{\"@id\":\"https:\/\/staging.uai.group\/en\/#primaryimage\"},\"thumbnailUrl\":\"https:\/\/staging.uai.group\/wp-content\/uploads\/elementor\/thumbs\/icon_7-o0cwarplo0if0w990camlmvqv0lin26a52s9lx4yro.png\",\"datePublished\":\"2019-03-22T15:39:26+00:00\",\"dateModified\":\"2021-11-30T22:02:19+00:00\",\"breadcrumb\":{\"@id\":\"https:\/\/staging.uai.group\/en\/#breadcrumb\"},\"inLanguage\":\"en-US\",\"potentialAction\":[{\"@type\":\"ReadAction\",\"target\":[\"https:\/\/staging.uai.group\/en\/\"]}]},{\"@type\":\"ImageObject\",\"inLanguage\":\"en-US\",\"@id\":\"https:\/\/staging.uai.group\/en\/#primaryimage\",\"url\":\"https:\/\/staging.uai.group\/wp-content\/uploads\/elementor\/thumbs\/icon_7-o0cwarplo0if0w990camlmvqv0lin26a52s9lx4yro.png\",\"contentUrl\":\"https:\/\/staging.uai.group\/wp-content\/uploads\/elementor\/thumbs\/icon_7-o0cwarplo0if0w990camlmvqv0lin26a52s9lx4yro.png\"},{\"@type\":\"BreadcrumbList\",\"@id\":\"https:\/\/staging.uai.group\/en\/#breadcrumb\",\"itemListElement\":[{\"@type\":\"ListItem\",\"position\":1,\"name\":\"Kezd\u0151lap\",\"item\":\"https:\/\/staging.uai.group\/en\/\"},{\"@type\":\"ListItem\",\"position\":2,\"name\":\"Home\"}]},{\"@type\":\"WebSite\",\"@id\":\"https:\/\/staging.uai.group\/#website\",\"url\":\"https:\/\/staging.uai.group\/\",\"name\":\"Marktsoft\",\"description\":\"Teljesk\u00f6r\u0171 szoftvermegold\u00e1sok a tervez\u00e9st\u0151l az \u00fczemeltet\u00e9sig\",\"publisher\":{\"@id\":\"https:\/\/staging.uai.group\/#organization\"},\"potentialAction\":[{\"@type\":\"SearchAction\",\"target\":{\"@type\":\"EntryPoint\",\"urlTemplate\":\"https:\/\/staging.uai.group\/?s={search_term_string}\"},\"query-input\":{\"@type\":\"PropertyValueSpecification\",\"valueRequired\":true,\"valueName\":\"search_term_string\"}}],\"inLanguage\":\"en-US\"},{\"@type\":\"Organization\",\"@id\":\"https:\/\/staging.uai.group\/#organization\",\"name\":\"Marktsoft\",\"url\":\"https:\/\/staging.uai.group\/\",\"logo\":{\"@type\":\"ImageObject\",\"inLanguage\":\"en-US\",\"@id\":\"https:\/\/staging.uai.group\/#\/schema\/logo\/image\/\",\"url\":\"https:\/\/staging.uai.group\/wp-content\/uploads\/2022\/03\/cropped-marktsoft-logo-group-rgb-300.png\",\"contentUrl\":\"https:\/\/staging.uai.group\/wp-content\/uploads\/2022\/03\/cropped-marktsoft-logo-group-rgb-300.png\",\"width\":1013,\"height\":250,\"caption\":\"Marktsoft\"},\"image\":{\"@id\":\"https:\/\/staging.uai.group\/#\/schema\/logo\/image\/\"},\"sameAs\":[\"https:\/\/www.facebook.com\/marktsoft\",\"https:\/\/www.linkedin.com\/company\/12652419\/\"]}]}<\/script>\n<!-- \/ Yoast SEO Premium plugin. -->","yoast_head_json":{"title":"Home - Marktsoft","robots":{"index":"index","follow":"follow","max-snippet":"max-snippet:-1","max-image-preview":"max-image-preview:large","max-video-preview":"max-video-preview:-1"},"canonical":"https:\/\/staging.uai.group\/en\/","og_locale":"en_US","og_type":"article","og_title":"Home","og_description":"Comprehensive software solutions from design to operationSystem developmentDesign and optimization of high complexity, scaled and distributed systemsIT consultancyComprehensive technological and methodological supportSoftware developmentSupport or takeover of software development projects, even for the entire life cycleIndustrial software solutionsOur experience in product and tool development helps to relieve your own resourcesEmbedded systemsHardware, firmware development and testingMobile applicationsApplication [&hellip;]","og_url":"https:\/\/staging.uai.group\/en\/","og_site_name":"Marktsoft","article_publisher":"https:\/\/www.facebook.com\/marktsoft","article_modified_time":"2021-11-30T22:02:19+00:00","og_image":[{"url":"https:\/\/staging.uai.group\/wp-content\/uploads\/elementor\/thumbs\/icon_7-o0cwarplo0if0w990camlmvqv0lin26a52s9lx4yro.png","type":"","width":"","height":""}],"twitter_card":"summary_large_image","twitter_misc":{"Est. reading time":"5 minutes"},"schema":{"@context":"https:\/\/schema.org","@graph":[{"@type":"WebPage","@id":"https:\/\/staging.uai.group\/en\/","url":"https:\/\/staging.uai.group\/en\/","name":"Home - Marktsoft","isPartOf":{"@id":"https:\/\/staging.uai.group\/#website"},"primaryImageOfPage":{"@id":"https:\/\/staging.uai.group\/en\/#primaryimage"},"image":{"@id":"https:\/\/staging.uai.group\/en\/#primaryimage"},"thumbnailUrl":"https:\/\/staging.uai.group\/wp-content\/uploads\/elementor\/thumbs\/icon_7-o0cwarplo0if0w990camlmvqv0lin26a52s9lx4yro.png","datePublished":"2019-03-22T15:39:26+00:00","dateModified":"2021-11-30T22:02:19+00:00","breadcrumb":{"@id":"https:\/\/staging.uai.group\/en\/#breadcrumb"},"inLanguage":"en-US","potentialAction":[{"@type":"ReadAction","target":["https:\/\/staging.uai.group\/en\/"]}]},{"@type":"ImageObject","inLanguage":"en-US","@id":"https:\/\/staging.uai.group\/en\/#primaryimage","url":"https:\/\/staging.uai.group\/wp-content\/uploads\/elementor\/thumbs\/icon_7-o0cwarplo0if0w990camlmvqv0lin26a52s9lx4yro.png","contentUrl":"https:\/\/staging.uai.group\/wp-content\/uploads\/elementor\/thumbs\/icon_7-o0cwarplo0if0w990camlmvqv0lin26a52s9lx4yro.png"},{"@type":"BreadcrumbList","@id":"https:\/\/staging.uai.group\/en\/#breadcrumb","itemListElement":[{"@type":"ListItem","position":1,"name":"Kezd\u0151lap","item":"https:\/\/staging.uai.group\/en\/"},{"@type":"ListItem","position":2,"name":"Home"}]},{"@type":"WebSite","@id":"https:\/\/staging.uai.group\/#website","url":"https:\/\/staging.uai.group\/","name":"Marktsoft","description":"Teljesk\u00f6r\u0171 szoftvermegold\u00e1sok a tervez\u00e9st\u0151l az \u00fczemeltet\u00e9sig","publisher":{"@id":"https:\/\/staging.uai.group\/#organization"},"potentialAction":[{"@type":"SearchAction","target":{"@type":"EntryPoint","urlTemplate":"https:\/\/staging.uai.group\/?s={search_term_string}"},"query-input":{"@type":"PropertyValueSpecification","valueRequired":true,"valueName":"search_term_string"}}],"inLanguage":"en-US"},{"@type":"Organization","@id":"https:\/\/staging.uai.group\/#organization","name":"Marktsoft","url":"https:\/\/staging.uai.group\/","logo":{"@type":"ImageObject","inLanguage":"en-US","@id":"https:\/\/staging.uai.group\/#\/schema\/logo\/image\/","url":"https:\/\/staging.uai.group\/wp-content\/uploads\/2022\/03\/cropped-marktsoft-logo-group-rgb-300.png","contentUrl":"https:\/\/staging.uai.group\/wp-content\/uploads\/2022\/03\/cropped-marktsoft-logo-group-rgb-300.png","width":1013,"height":250,"caption":"Marktsoft"},"image":{"@id":"https:\/\/staging.uai.group\/#\/schema\/logo\/image\/"},"sameAs":["https:\/\/www.facebook.com\/marktsoft","https:\/\/www.linkedin.com\/company\/12652419\/"]}]}},"_links":{"self":[{"href":"https:\/\/staging.uai.group\/en\/wp-json\/wp\/v2\/pages\/639","targetHints":{"allow":["GET"]}}],"collection":[{"href":"https:\/\/staging.uai.group\/en\/wp-json\/wp\/v2\/pages"}],"about":[{"href":"https:\/\/staging.uai.group\/en\/wp-json\/wp\/v2\/types\/page"}],"author":[{"embeddable":true,"href":"https:\/\/staging.uai.group\/en\/wp-json\/wp\/v2\/users\/2"}],"replies":[{"embeddable":true,"href":"https:\/\/staging.uai.group\/en\/wp-json\/wp\/v2\/comments?post=639"}],"version-history":[{"count":17,"href":"https:\/\/staging.uai.group\/en\/wp-json\/wp\/v2\/pages\/639\/revisions"}],"predecessor-version":[{"id":1447,"href":"https:\/\/staging.uai.group\/en\/wp-json\/wp\/v2\/pages\/639\/revisions\/1447"}],"wp:attachment":[{"href":"https:\/\/staging.uai.group\/en\/wp-json\/wp\/v2\/media?parent=639"}],"curies":[{"name":"wp","href":"https:\/\/api.w.org\/{rel}","templated":true}]}}