{"id":558,"date":"2019-01-31T09:39:06","date_gmt":"2019-01-31T09:39:06","guid":{"rendered":"http:\/\/marktsoft.hu\/?page_id=558"},"modified":"2019-01-31T09:45:11","modified_gmt":"2019-01-31T09:45:11","slug":"services","status":"publish","type":"page","link":"https:\/\/staging.uai.group\/de\/services\/","title":{"rendered":"Services"},"content":{"rendered":"<h2>Services<\/h2>\n<p>\t\t\t\t\t\t\t\t\t\t<img loading=\"lazy\" decoding=\"async\" width=\"525\" height=\"385\" src=\"https:\/\/staging.uai.group\/wp-content\/uploads\/2018\/12\/01_devlopment.png\" alt=\"\" srcset=\"https:\/\/staging.uai.group\/wp-content\/uploads\/2018\/12\/01_devlopment.png 730w, https:\/\/staging.uai.group\/wp-content\/uploads\/2018\/12\/01_devlopment-300x220.png 300w\" sizes=\"auto, 100vw\" \/>\t\t\t\t\t\t\t\t\t\t\t<\/p>\n<h2><strong>Anwendungsentwicklung<\/strong><\/h2>\n<p>Entsprechend den Anforderungen unserer Kunden bieten wir komplette Softwarel\u00f6sungen an. Von der Machbarkeitsstudie \u00fcber die Implementierung bis zur Wartung \u00fcbernehmen wir die Verantwortung f\u00fcr den gesamten Software-Lebenszyklus oder f\u00fcr Teile davon je nach Kundenbedarf.<\/p>\n<p>Technologien: mit Hilfe modernster Technologien und mit unserer mehrj\u00e4hrigen Erfahrung sind wir immer in der Lage, die optimale Softwarel\u00f6sung zu finden. Sollten bestehende Systeme refaktoriert werden, oder v\u00f6llig neue L\u00f6sungen gefunden werden:unsere technologische Kompetenz garantiert daf\u00fcr, ein kosteneffizientes Resultat zu erzielen.<\/p>\n<h2><strong>System-Engineering<\/strong><\/h2>\n<p><b>Machbarkeitsstudien:<\/b>\u00a0basierend auf den Kundenanforderungen, auf den Zielsetzungen und auf den Visionen analysieren wir die M\u00f6glichkeiten aus unterschiedlichen Aspekten und entscheiden, ob aus den Ideen ein Produkt entstehen kann oder welche \u00c4nderungen noch notwendig sind.<\/p>\n<p><b>Systemarchitekturen:<\/b>\u00a0die Qualit\u00e4t und die Wartbarkeit eines Produkts liegt \u00fcberwiegend an der bis ins Detail ausgearbeiteten Systemarchitektur. Der Gesamterfolg des Projekts wird am Anfang von der hochwertigen architekturellen Planung determiniert. Unsere mehrj\u00e4hrige Erfahrung im Bereich mehrschichtige, skallierbare und verteilte Systeme hilft die optimale L\u00f6sung f\u00fcr die Kundenanforderungen zu finden. Wir legen besonderen Wert auf die Sicherheit unserer Systeme.<\/p>\n<p><b>Projektplanung:<\/b>\u00a0ausgehend von den technischen Konzepten und Planungen eines Produkts m\u00fcssen die verf\u00fcgbaren Ressourcen in Beziehung zum zeitlichen und finanziellen Rahmen gesetzt werden. Um die Projektdurchf\u00fchrung richtig vorzubereiten m\u00fcssen die Details gemeinsam mit den Kunden ausgearbeitet werden, damit die Meilensteine und Termine eingehalten werden k\u00f6nnen.<\/p>\n<p>\t\t\t\t\t\t\t\t\t\t<img loading=\"lazy\" decoding=\"async\" width=\"525\" height=\"385\" src=\"https:\/\/staging.uai.group\/wp-content\/uploads\/2018\/12\/03_system_engineering.jpg\" alt=\"\" srcset=\"https:\/\/staging.uai.group\/wp-content\/uploads\/2018\/12\/03_system_engineering.jpg 730w, https:\/\/staging.uai.group\/wp-content\/uploads\/2018\/12\/03_system_engineering-300x220.jpg 300w\" sizes=\"auto, 100vw\" \/><br \/>\n\t\t\t\t\t\t\t\t\t\t<img loading=\"lazy\" decoding=\"async\" width=\"525\" height=\"385\" src=\"https:\/\/staging.uai.group\/wp-content\/uploads\/2018\/12\/05_project_management.jpg\" alt=\"\" srcset=\"https:\/\/staging.uai.group\/wp-content\/uploads\/2018\/12\/05_project_management.jpg 730w, https:\/\/staging.uai.group\/wp-content\/uploads\/2018\/12\/05_project_management-300x220.jpg 300w\" sizes=\"auto, 100vw\" \/>\t\t\t\t\t\t\t\t\t\t\t<\/p>\n<h2><strong>Projektmanagement<\/strong><\/h2>\n<p>Unsere Erfahrung im internationalen Umfeld und in verteilten Gro\u00dfprojekten erm\u00f6glicht es uns, unseren Kunden professionelle Unterst\u00fctzung im Bereich IT-Projektmanagement anzubieten.. Von der Erstellung der Projektpl\u00e4ne bis zur \u00dcbernahme der Verantwortung f\u00fcr die Projektabwicklung k\u00f6nnen wir Leistungen anbieten.<\/p>\n<p>Insbesondere f\u00fcr Offshore- \/ Nearshore-Projekte k\u00f6nnen wir eine strategische Unterst\u00fctzung beim Projektstart anbieten, damit das Projekt von Anfang an in den richtigen Bahnen l\u00e4uft. Wir helfen auch die optimale Projektumgebung einzurichten: das zielf\u00fchrende Versionsverwaltungssystem auszuw\u00e4hlen, die Kommunikations- und Eskalationswege zu definieren und die Controlling-Mechanismen aufzusetzen.<\/p>\n<h2><strong>Management Consulting<\/strong><\/h2>\n<p>Mehrere unsere Mitarbeiter haben lange Zeit im Management von internationalen Softwareh\u00e4usern verbracht. Basierend auf diesem Know-how k\u00f6nnen wir unseren Kunden auch auf h\u00f6herer Ebene im Management Unterst\u00fctzung leisten.<\/p>\n<p>Bei Spannungen wie sie von schnellem Wachstum ausgel\u00f6st werden, oder der Ausrichtung der internen Organisation auf internationale Weiterentwicklung, k\u00f6nnen wir unseren Kunden professionelle und effiziente L\u00f6sungen anbieten. Insbesondere im deutschsprachigen Raum k\u00f6nnen wir unseren Kunden helfen, die Strategie f\u00fcr eine Zusammenarbeit mit ungarischen Partnern auszuarbeiten.<\/p>\n<p>\t\t\t\t\t\t\t\t\t\t<img loading=\"lazy\" decoding=\"async\" width=\"525\" height=\"385\" src=\"https:\/\/staging.uai.group\/wp-content\/uploads\/2018\/12\/07_management_consulting.jpg\" alt=\"\" srcset=\"https:\/\/staging.uai.group\/wp-content\/uploads\/2018\/12\/07_management_consulting.jpg 730w, https:\/\/staging.uai.group\/wp-content\/uploads\/2018\/12\/07_management_consulting-300x220.jpg 300w\" sizes=\"auto, 100vw\" \/><br \/>\n\t\t\t\t\t\t\t\t\t\t<img loading=\"lazy\" decoding=\"async\" width=\"525\" height=\"385\" src=\"https:\/\/staging.uai.group\/wp-content\/uploads\/2018\/12\/02_technicalsupport.jpg\" alt=\"\" srcset=\"https:\/\/staging.uai.group\/wp-content\/uploads\/2018\/12\/02_technicalsupport.jpg 730w, https:\/\/staging.uai.group\/wp-content\/uploads\/2018\/12\/02_technicalsupport-300x220.jpg 300w\" sizes=\"auto, 100vw\" \/>\t\t\t\t\t\t\t\t\t\t\t<\/p>\n<h2><strong>Technologische Unterst\u00fctzung<\/strong><\/h2>\n<p>Mehr als 20 Jahre Erfahrung in der Softwareentwicklung und die hohe Qualifikation unserer Mitarbeiter stehen unseren Kunden zur Verf\u00fcgung, damit sichere und kosteneffiziente Softwareprodukte unter Einsatz modernsterTechnologien erstellt werden k\u00f6nnen. Sowohl f\u00fcr die Ausarbeitung von technologischen Konzepten als auch f\u00fcr das technologische Audit bestehender Softwarekomponenten k\u00f6nnen wir Unterst\u00fctzung anbieten.<\/p>\n<p>Es ist f\u00fcr uns selbstverst\u00e4ndlich, in laufenden Projekten technologische Probleme zu l\u00f6sen und gemeinsam mit unseren Kunden nach neuen Wegen zu forschen.<\/p>\n<h2><strong>Resourcen<\/strong><\/h2>\n<p>Auf Wunsch des Kunden k\u00f6nnen wir auch dynamisch f\u00fcr laufende Projekte on-site oder off-site Resourcen zur Verf\u00fcgung stellen. Je nach Aufgabenstellung k\u00f6nnen wir sowohl f\u00fcr kurzfristige Komponentenentwicklung als auch f\u00fcr Projektmanagement die entsprechende Fachkraft f\u00fcrs Kundenprojekt reservieren.<\/p>\n<p>Im Rahmen des IT-Outsourcing bietet die Offshore-Softwareentwicklung ein gro\u00dfes Potenzial nicht nur f\u00fcr Gro\u00dffirmen, sondern auch f\u00fcr den Mittelstand. Neben den Kostenvorteilen k\u00f6nnen die Firmen von einer h\u00f6heren Flexibilit\u00e4t profitieren und auf die Kernkompetenz fokussieren. Um dieses Potenzial auszusch\u00f6pfen und die Erwartungen von Offshoring zu erf\u00fcllen, mu\u00df ein fl\u00e4chendeckendes Offshoring-Konzept erstellt werden. Um das beste Ergebnis zu erzielen, m\u00fcssen bestehende Prozesse analysiert werden und konkrete Ziele definiert werden \u2013 sowohl f\u00fcr die Ressourcen als auch f\u00fcr die Kosten. Dabei ist es sehr wichtig, den richtigen Offshore-Partner zu finden. Offshore-Zusammenarbeit setzt in den meisten F\u00e4llen eine langfristige Planung voraus, in der es auch sehr wichtig ist, das Entwicklungspotenzial von aller Teilnehmer zu ber\u00fccksichtigen.<\/p>\n<p>\t\t\t\t\t\t\t\t\t\t<img loading=\"lazy\" decoding=\"async\" width=\"525\" height=\"385\" src=\"https:\/\/staging.uai.group\/wp-content\/uploads\/2018\/12\/04_resources.jpg\" alt=\"\" srcset=\"https:\/\/staging.uai.group\/wp-content\/uploads\/2018\/12\/04_resources.jpg 730w, https:\/\/staging.uai.group\/wp-content\/uploads\/2018\/12\/04_resources-300x220.jpg 300w\" sizes=\"auto, 100vw\" \/><br \/>\n\t\t\t\t\t\t\t\t\t\t<img loading=\"lazy\" decoding=\"async\" width=\"525\" height=\"385\" src=\"https:\/\/staging.uai.group\/wp-content\/uploads\/2018\/12\/06_resource_management.jpg\" alt=\"\" srcset=\"https:\/\/staging.uai.group\/wp-content\/uploads\/2018\/12\/06_resource_management.jpg 730w, https:\/\/staging.uai.group\/wp-content\/uploads\/2018\/12\/06_resource_management-300x220.jpg 300w\" sizes=\"auto, 100vw\" \/>\t\t\t\t\t\t\t\t\t\t\t<\/p>\n<h2><strong>Offshore-\/Nearshore-Softwareentwicklung<\/strong><\/h2>\n<p>Damit eine Offshore-Zusammenarbeit von Anfang an richtig funktioniert, mu\u00df neben einer vertrauensvollen und partnerschaftlichen Beziehungder Beteiligten die richtige Strategie ausgearbeitet werden.<\/p>\n<p>Wir haben die Erfahrung in der Vorbereitung und in der Leitung von vielen erfolgreichen Offshore-Projekten. Lassen Sie sich beraten um das Potenzial von Offshoring maximal ausnutzen zu k\u00f6nnen!<\/p>\n<h2><strong>Projektaudit<\/strong><\/h2>\n<p>Wenn die konzeptionelle Vorbereitung eines Projekts abgeschlossen ist und f\u00fcr die Projektdurchf\u00fchrung die Pl\u00e4ne erstellt sind, ist noch der beste Zeitpunkt das Projekt auditieren zu lassen. In dieser Phase k\u00f6nnen noch mit den geringsten finanziellen Risiken die Pl\u00e4ne daraufhin \u00fcberpr\u00fcft werden, ob die Projektziele sicher erreicht werden k\u00f6nnen.<\/p>\n<p>Bei laufenden Projekten k\u00f6nnen auch Situationen vorkommen, in denen es unbedingt n\u00f6tig ist, zu ermitteln, ob das Projekt sich immer noch auf der definierten Bahn bewegt. Insbesondere bei komplexen Projekten helfen solche \u201eProjektschnappsch\u00fcsse\u201d, ein verzerrungsfreies Bild vom aktuellen Stand zu bekommen. Bei Schwierigkeiten helfen wir die kritischen Teile neu zu planen, oder die Strategie zu modifizieren.<\/p>\n<p>\t\t\t\t\t\t\t\t\t\t<img loading=\"lazy\" decoding=\"async\" width=\"525\" height=\"385\" src=\"https:\/\/staging.uai.group\/wp-content\/uploads\/2018\/12\/08_audit.png\" alt=\"\" srcset=\"https:\/\/staging.uai.group\/wp-content\/uploads\/2018\/12\/08_audit.png 730w, https:\/\/staging.uai.group\/wp-content\/uploads\/2018\/12\/08_audit-300x220.png 300w\" sizes=\"auto, 100vw\" \/><\/p>\n","protected":false},"excerpt":{"rendered":"<p>Services Anwendungsentwicklung Entsprechend den Anforderungen unserer Kunden bieten wir komplette Softwarel\u00f6sungen an. Von der Machbarkeitsstudie \u00fcber die Implementierung bis zur Wartung \u00fcbernehmen wir die Verantwortung f\u00fcr den gesamten Software-Lebenszyklus oder f\u00fcr Teile davon je nach Kundenbedarf. Technologien: mit Hilfe modernster Technologien und mit unserer mehrj\u00e4hrigen Erfahrung sind wir immer in der Lage, die optimale Softwarel\u00f6sung [&hellip;]<\/p>\n","protected":false},"author":2,"featured_media":0,"parent":0,"menu_order":0,"comment_status":"closed","ping_status":"closed","template":"elementor_header_footer","meta":{"footnotes":""},"class_list":["post-558","page","type-page","status-publish","hentry"],"yoast_head":"<!-- This site is optimized with the Yoast SEO Premium plugin v22.9 (Yoast SEO v26.2) - https:\/\/yoast.com\/wordpress\/plugins\/seo\/ -->\n<title>Services - Marktsoft<\/title>\n<meta name=\"robots\" content=\"index, follow, max-snippet:-1, max-image-preview:large, max-video-preview:-1\" \/>\n<link rel=\"canonical\" href=\"https:\/\/staging.uai.group\/de\/services\/\" \/>\n<meta property=\"og:locale\" content=\"de_DE\" \/>\n<meta property=\"og:type\" content=\"article\" \/>\n<meta property=\"og:title\" content=\"Services\" \/>\n<meta property=\"og:description\" content=\"Services Anwendungsentwicklung Entsprechend den Anforderungen unserer Kunden bieten wir komplette Softwarel\u00f6sungen an. Von der Machbarkeitsstudie \u00fcber die Implementierung bis zur Wartung \u00fcbernehmen wir die Verantwortung f\u00fcr den gesamten Software-Lebenszyklus oder f\u00fcr Teile davon je nach Kundenbedarf. Technologien: mit Hilfe modernster Technologien und mit unserer mehrj\u00e4hrigen Erfahrung sind wir immer in der Lage, die optimale Softwarel\u00f6sung [&hellip;]\" \/>\n<meta property=\"og:url\" content=\"https:\/\/staging.uai.group\/de\/services\/\" \/>\n<meta property=\"og:site_name\" content=\"Marktsoft\" \/>\n<meta property=\"article:publisher\" content=\"https:\/\/www.facebook.com\/marktsoft\" \/>\n<meta property=\"article:modified_time\" content=\"2019-01-31T09:45:11+00:00\" \/>\n<meta property=\"og:image\" content=\"https:\/\/staging.uai.group\/wp-content\/uploads\/2018\/12\/01_devlopment.png\" \/>\n<meta name=\"twitter:card\" content=\"summary_large_image\" \/>\n<meta name=\"twitter:label1\" content=\"Gesch\u00e4tzte Lesezeit\" \/>\n\t<meta name=\"twitter:data1\" content=\"4\u00a0Minuten\" \/>\n<script type=\"application\/ld+json\" class=\"yoast-schema-graph\">{\"@context\":\"https:\/\/schema.org\",\"@graph\":[{\"@type\":\"WebPage\",\"@id\":\"https:\/\/staging.uai.group\/de\/services\/\",\"url\":\"https:\/\/staging.uai.group\/de\/services\/\",\"name\":\"Services - Marktsoft\",\"isPartOf\":{\"@id\":\"https:\/\/staging.uai.group\/#website\"},\"primaryImageOfPage\":{\"@id\":\"https:\/\/staging.uai.group\/de\/services\/#primaryimage\"},\"image\":{\"@id\":\"https:\/\/staging.uai.group\/de\/services\/#primaryimage\"},\"thumbnailUrl\":\"https:\/\/staging.uai.group\/wp-content\/uploads\/2018\/12\/01_devlopment.png\",\"datePublished\":\"2019-01-31T09:39:06+00:00\",\"dateModified\":\"2019-01-31T09:45:11+00:00\",\"breadcrumb\":{\"@id\":\"https:\/\/staging.uai.group\/de\/services\/#breadcrumb\"},\"inLanguage\":\"de\",\"potentialAction\":[{\"@type\":\"ReadAction\",\"target\":[\"https:\/\/staging.uai.group\/de\/services\/\"]}]},{\"@type\":\"ImageObject\",\"inLanguage\":\"de\",\"@id\":\"https:\/\/staging.uai.group\/de\/services\/#primaryimage\",\"url\":\"https:\/\/staging.uai.group\/wp-content\/uploads\/2018\/12\/01_devlopment.png\",\"contentUrl\":\"https:\/\/staging.uai.group\/wp-content\/uploads\/2018\/12\/01_devlopment.png\"},{\"@type\":\"BreadcrumbList\",\"@id\":\"https:\/\/staging.uai.group\/de\/services\/#breadcrumb\",\"itemListElement\":[{\"@type\":\"ListItem\",\"position\":1,\"name\":\"Kezd\u0151lap\",\"item\":\"https:\/\/staging.uai.group\/de\/\"},{\"@type\":\"ListItem\",\"position\":2,\"name\":\"Services\"}]},{\"@type\":\"WebSite\",\"@id\":\"https:\/\/staging.uai.group\/#website\",\"url\":\"https:\/\/staging.uai.group\/\",\"name\":\"Marktsoft\",\"description\":\"Teljesk\u00f6r\u0171 szoftvermegold\u00e1sok a tervez\u00e9st\u0151l az \u00fczemeltet\u00e9sig\",\"publisher\":{\"@id\":\"https:\/\/staging.uai.group\/#organization\"},\"potentialAction\":[{\"@type\":\"SearchAction\",\"target\":{\"@type\":\"EntryPoint\",\"urlTemplate\":\"https:\/\/staging.uai.group\/?s={search_term_string}\"},\"query-input\":{\"@type\":\"PropertyValueSpecification\",\"valueRequired\":true,\"valueName\":\"search_term_string\"}}],\"inLanguage\":\"de\"},{\"@type\":\"Organization\",\"@id\":\"https:\/\/staging.uai.group\/#organization\",\"name\":\"Marktsoft\",\"url\":\"https:\/\/staging.uai.group\/\",\"logo\":{\"@type\":\"ImageObject\",\"inLanguage\":\"de\",\"@id\":\"https:\/\/staging.uai.group\/#\/schema\/logo\/image\/\",\"url\":\"https:\/\/staging.uai.group\/wp-content\/uploads\/2022\/03\/cropped-marktsoft-logo-group-rgb-300.png\",\"contentUrl\":\"https:\/\/staging.uai.group\/wp-content\/uploads\/2022\/03\/cropped-marktsoft-logo-group-rgb-300.png\",\"width\":1013,\"height\":250,\"caption\":\"Marktsoft\"},\"image\":{\"@id\":\"https:\/\/staging.uai.group\/#\/schema\/logo\/image\/\"},\"sameAs\":[\"https:\/\/www.facebook.com\/marktsoft\",\"https:\/\/www.linkedin.com\/company\/12652419\/\"]}]}<\/script>\n<!-- \/ Yoast SEO Premium plugin. -->","yoast_head_json":{"title":"Services - Marktsoft","robots":{"index":"index","follow":"follow","max-snippet":"max-snippet:-1","max-image-preview":"max-image-preview:large","max-video-preview":"max-video-preview:-1"},"canonical":"https:\/\/staging.uai.group\/de\/services\/","og_locale":"de_DE","og_type":"article","og_title":"Services","og_description":"Services Anwendungsentwicklung Entsprechend den Anforderungen unserer Kunden bieten wir komplette Softwarel\u00f6sungen an. Von der Machbarkeitsstudie \u00fcber die Implementierung bis zur Wartung \u00fcbernehmen wir die Verantwortung f\u00fcr den gesamten Software-Lebenszyklus oder f\u00fcr Teile davon je nach Kundenbedarf. Technologien: mit Hilfe modernster Technologien und mit unserer mehrj\u00e4hrigen Erfahrung sind wir immer in der Lage, die optimale Softwarel\u00f6sung [&hellip;]","og_url":"https:\/\/staging.uai.group\/de\/services\/","og_site_name":"Marktsoft","article_publisher":"https:\/\/www.facebook.com\/marktsoft","article_modified_time":"2019-01-31T09:45:11+00:00","og_image":[{"url":"https:\/\/staging.uai.group\/wp-content\/uploads\/2018\/12\/01_devlopment.png","type":"","width":"","height":""}],"twitter_card":"summary_large_image","twitter_misc":{"Gesch\u00e4tzte Lesezeit":"4\u00a0Minuten"},"schema":{"@context":"https:\/\/schema.org","@graph":[{"@type":"WebPage","@id":"https:\/\/staging.uai.group\/de\/services\/","url":"https:\/\/staging.uai.group\/de\/services\/","name":"Services - Marktsoft","isPartOf":{"@id":"https:\/\/staging.uai.group\/#website"},"primaryImageOfPage":{"@id":"https:\/\/staging.uai.group\/de\/services\/#primaryimage"},"image":{"@id":"https:\/\/staging.uai.group\/de\/services\/#primaryimage"},"thumbnailUrl":"https:\/\/staging.uai.group\/wp-content\/uploads\/2018\/12\/01_devlopment.png","datePublished":"2019-01-31T09:39:06+00:00","dateModified":"2019-01-31T09:45:11+00:00","breadcrumb":{"@id":"https:\/\/staging.uai.group\/de\/services\/#breadcrumb"},"inLanguage":"de","potentialAction":[{"@type":"ReadAction","target":["https:\/\/staging.uai.group\/de\/services\/"]}]},{"@type":"ImageObject","inLanguage":"de","@id":"https:\/\/staging.uai.group\/de\/services\/#primaryimage","url":"https:\/\/staging.uai.group\/wp-content\/uploads\/2018\/12\/01_devlopment.png","contentUrl":"https:\/\/staging.uai.group\/wp-content\/uploads\/2018\/12\/01_devlopment.png"},{"@type":"BreadcrumbList","@id":"https:\/\/staging.uai.group\/de\/services\/#breadcrumb","itemListElement":[{"@type":"ListItem","position":1,"name":"Kezd\u0151lap","item":"https:\/\/staging.uai.group\/de\/"},{"@type":"ListItem","position":2,"name":"Services"}]},{"@type":"WebSite","@id":"https:\/\/staging.uai.group\/#website","url":"https:\/\/staging.uai.group\/","name":"Marktsoft","description":"Teljesk\u00f6r\u0171 szoftvermegold\u00e1sok a tervez\u00e9st\u0151l az \u00fczemeltet\u00e9sig","publisher":{"@id":"https:\/\/staging.uai.group\/#organization"},"potentialAction":[{"@type":"SearchAction","target":{"@type":"EntryPoint","urlTemplate":"https:\/\/staging.uai.group\/?s={search_term_string}"},"query-input":{"@type":"PropertyValueSpecification","valueRequired":true,"valueName":"search_term_string"}}],"inLanguage":"de"},{"@type":"Organization","@id":"https:\/\/staging.uai.group\/#organization","name":"Marktsoft","url":"https:\/\/staging.uai.group\/","logo":{"@type":"ImageObject","inLanguage":"de","@id":"https:\/\/staging.uai.group\/#\/schema\/logo\/image\/","url":"https:\/\/staging.uai.group\/wp-content\/uploads\/2022\/03\/cropped-marktsoft-logo-group-rgb-300.png","contentUrl":"https:\/\/staging.uai.group\/wp-content\/uploads\/2022\/03\/cropped-marktsoft-logo-group-rgb-300.png","width":1013,"height":250,"caption":"Marktsoft"},"image":{"@id":"https:\/\/staging.uai.group\/#\/schema\/logo\/image\/"},"sameAs":["https:\/\/www.facebook.com\/marktsoft","https:\/\/www.linkedin.com\/company\/12652419\/"]}]}},"_links":{"self":[{"href":"https:\/\/staging.uai.group\/de\/wp-json\/wp\/v2\/pages\/558","targetHints":{"allow":["GET"]}}],"collection":[{"href":"https:\/\/staging.uai.group\/de\/wp-json\/wp\/v2\/pages"}],"about":[{"href":"https:\/\/staging.uai.group\/de\/wp-json\/wp\/v2\/types\/page"}],"author":[{"embeddable":true,"href":"https:\/\/staging.uai.group\/de\/wp-json\/wp\/v2\/users\/2"}],"replies":[{"embeddable":true,"href":"https:\/\/staging.uai.group\/de\/wp-json\/wp\/v2\/comments?post=558"}],"version-history":[{"count":4,"href":"https:\/\/staging.uai.group\/de\/wp-json\/wp\/v2\/pages\/558\/revisions"}],"predecessor-version":[{"id":562,"href":"https:\/\/staging.uai.group\/de\/wp-json\/wp\/v2\/pages\/558\/revisions\/562"}],"wp:attachment":[{"href":"https:\/\/staging.uai.group\/de\/wp-json\/wp\/v2\/media?parent=558"}],"curies":[{"name":"wp","href":"https:\/\/api.w.org\/{rel}","templated":true}]}}