{"id":536,"date":"2018-12-05T15:07:12","date_gmt":"2018-12-05T15:07:12","guid":{"rendered":"http:\/\/marktsoft.hu\/fooldal\/"},"modified":"2023-02-15T07:57:44","modified_gmt":"2023-02-15T07:57:44","slug":"fooldal","status":"publish","type":"page","link":"https:\/\/staging.uai.group\/de\/","title":{"rendered":"Home"},"content":{"rendered":"<p>Komplette Softwarel\u00f6sungen von der Planung bis zur WartungSystem Engineering Planung und Optimierung von verteilten und skalierbaren SystemenIT-BeratungMethodologische und technische Unterst\u00fctzung von ProjektenSoftware-Entwicklung\u00dcbernahme und Unterst\u00fctzung bei der Umsetzung Ihrer SW-Entwicklungsprojekte \u00fcber den kompletten LifecycleIndustrielle Software-Anwendungen Entlastung Ihrer Entwicklungsabteilung durch unsere Erfahrung bei der Entwicklung Ihrer Tools und ProdukteEmbedded SystemsAnforderungsgerechte Erstellung und Test der Hard- und FirmwareMobile ApplikationenEntwicklung mobiler Applikationen auf allen Plattformen<br \/>\n\t\t\t\t\t\t\t\t\t\t\t\t\t\tEl\u0151z\u0151<br \/>\n\t\t\t\t\t\t\t\t\t\t\t\t\t\tK\u00f6vetkez\u0151<\/p>\n<h1><b>Wir legen viel Wert darauf,<\/b>\u00a0eine langfristige und partnerschaftliche Zusammenarbeit mit unseren Kunden aufzubauen.<\/h1>\n<p>Das Engagement und das up-to-date technologische Wissen unserer Mitarbeiter ist das Fundament, das die Zufriedenheit unserer Kunden garantiert. Unser Erfolg basiert auf der maximalen Anpassung an die Kundenerwartungen, die durch qualitativ hochwertige Diensleistungen unterst\u00fctzt wird.<\/p>\n<figure><img decoding=\"async\" src=\"https:\/\/staging.uai.group\/wp-content\/uploads\/elementor\/thumbs\/icon_7-o0cwarplo0if0w990camlmvqv0lin26a52s9lx4yro.png\" title=\"icon_7\" alt=\"icon_7\" loading=\"lazy\" \/><\/figure>\n<h4>Softwareentwicklung<\/h4>\n<p>Entsprechend den Anforderungen unserer Kunden bieten wir komplette Softwarel\u00f6sungen an.<\/p>\n<figure><img decoding=\"async\" src=\"https:\/\/staging.uai.group\/wp-content\/uploads\/elementor\/thumbs\/icon_6-o0cwaptxni2lq3ktc64zjc9bval0ffc6gb7hvwefn4.png\" title=\"icon_6\" alt=\"icon_6\" loading=\"lazy\" \/><\/figure>\n<h4>Anwendungsentwicklung<\/h4>\n<p>Mit Hilfe modernster Technologien sind wir immer in der Lage, die optimale Softwarel\u00f6sung zu finden.<\/p>\n<figure><img decoding=\"async\" src=\"https:\/\/staging.uai.group\/wp-content\/uploads\/elementor\/thumbs\/icon_3-o0cwan0f2zyqr9owsmx3tuyy34ywsc0zfx91g2im5s.png\" title=\"icon_3\" alt=\"icon_3\" loading=\"lazy\" \/><\/figure>\n<h4>System engineering<\/h4>\n<p>Wir analysieren die M\u00f6glichkeiten aus unterschiedlichen Aspekten und entscheiden, ob aus den Ideen ein Produkt entstehen kann.<\/p>\n<figure><img decoding=\"async\" src=\"https:\/\/staging.uai.group\/wp-content\/uploads\/elementor\/thumbs\/icon_2-o0cwam2kw5xgfnq9y4ih9d7hhr3jkmx93sljysk0c0.png\" title=\"icon_2\" alt=\"icon_2\" loading=\"lazy\" \/><\/figure>\n<h4>Embedded Systems<\/h4>\n<p>Anforderungsgerechte Erstellung des Hard- und Firmware Designs.<\/p>\n<p>\t\tUnsere Firma hat eine breite Palette vonDienstleistungen f\u00fcr die Bed\u00fcrfnisse unserer Kunden\t\t<\/p>\n<h1><b>Mehr als 20 Jahre Erfahrung<\/b><br \/>Durch die Kompetenz unserer Mitarbeiter sind wir in der Lage, unseren Kunden eine Vielfalt von Leistungen anbieten zu k\u00f6nnen<\/h1>\n<p>Aufgrund unseres gro\u00dfen Erfahrungsschatzes in einem breiten Leistungsspektrum von der Embedded Softwareentwiklung f\u00fcr Mikrocontroller bis zu komplexen Datenverwaltungssystemen f\u00fcr statistische Auswertungen sind wir in der Lage, unseren Partnern individuelle L\u00f6sungen anzubieten. Von der On-Site Nearshoring \u00fcber die inviduelle Softwareentwicklung bis zur Ausarbeitung komplexer Offshore-Strategien sind wir f\u00fcr Herausforderungen immer bereit.<\/p>\n<p>Dank unserer zwanzigj\u00e4hrigen Erfahrung im Bereich Informationstechnologie, insbesondere in der Offshore- und Nearshore-Softwareentwicklung sind wir in der Lage, unsere Kunden mit breitem Know-How zu unterst\u00fctzen. Sowohl in der strategischen Planung als auch in der Prozessunterst\u00fctzung stehen wir mit unserer Kompetenz f\u00fcr die Kunden zur Verf\u00fcgung.<\/p>\n<figure>\n\t\t\t\t\t\t\t\t\t\t<img decoding=\"async\" width=\"525\" height=\"385\" src=\"https:\/\/staging.uai.group\/wp-content\/uploads\/2018\/12\/01_devlopment.png\" alt=\"\" loading=\"lazy\" srcset=\"https:\/\/staging.uai.group\/wp-content\/uploads\/2018\/12\/01_devlopment.png 730w, https:\/\/staging.uai.group\/wp-content\/uploads\/2018\/12\/01_devlopment-300x220.png 300w\" sizes=\"auto, 100vw\" \/><figcaption><\/figcaption><\/figure>\n<h3>\n\t\t\t\t\tAnwendungsentwicklung<br \/>\n\t\t\t\t<\/h3>\n<figure>\n\t\t\t\t\t\t\t\t\t\t<img decoding=\"async\" width=\"525\" height=\"385\" src=\"https:\/\/staging.uai.group\/wp-content\/uploads\/2018\/12\/03_system_engineering.jpg\" alt=\"\" loading=\"lazy\" srcset=\"https:\/\/staging.uai.group\/wp-content\/uploads\/2018\/12\/03_system_engineering.jpg 730w, https:\/\/staging.uai.group\/wp-content\/uploads\/2018\/12\/03_system_engineering-300x220.jpg 300w\" sizes=\"auto, 100vw\" \/><figcaption><\/figcaption><\/figure>\n<h3>\n\t\t\t\t\tSystem-Engineering<br \/>\n\t\t\t\t<\/h3>\n<p>\t\t\t<a href=\"https:\/\/staging.uai.group\/de\/de\/services\/\" role=\"button\"><br \/>\n\t\t\t\t\t\tMehr Services<br \/>\n\t\t\t\t\t<\/a><\/p>\n<figure>\n\t\t\t\t\t\t\t\t\t\t<img decoding=\"async\" width=\"525\" height=\"385\" src=\"https:\/\/staging.uai.group\/wp-content\/uploads\/2018\/12\/05_project_management.jpg\" alt=\"\" loading=\"lazy\" srcset=\"https:\/\/staging.uai.group\/wp-content\/uploads\/2018\/12\/05_project_management.jpg 730w, https:\/\/staging.uai.group\/wp-content\/uploads\/2018\/12\/05_project_management-300x220.jpg 300w\" sizes=\"auto, 100vw\" \/><figcaption><\/figcaption><\/figure>\n<h3>\n\t\t\t\t\tProjektmanagement<br \/>\n\t\t\t\t<\/h3>\n<h1><b>\u00dcber Uns<\/b><br \/>Durch unsere erfahrenen Mitarbeiter mit breitem Kompetenzspektrum sind wir in der Lage, unseren Kunden komplette Diensleistungen anbieten zu k\u00f6nnen.<\/h1>\n<p>Die Marktsoft GmbH mit Sitz in Budapest verf\u00fcgt \u00fcber 20 Jahre Erfahrung im Bereich individueller Sotfwarel\u00f6sungen, Consulting, Offshore und Nearshore Softwareentwicklung. Gleich von Anfang an war das Hauptprofil unserer Firma die individuelle Softwareentwicklung und Beratung basierend auf den Kostenvorteilen von Near- und Offshore Projektentwicklung.<\/p>\n<p>Alle unsere Mitarbeiter von den Entwicklern bis zum Management haben einen Universit\u00e4tsabschluss, mehrere davon haben einen h\u00f6heren akademischen Grad. Viele unserer Mitarbeiter haben mehrj\u00e4hrige Auslandserfahrung, die Mitglieder des Managements haben f\u00fchrende Positionen in internationalen Softwareh\u00e4usern gehabt. Die marginale Fluktuation ist auch ein wichtiges Zeichen des Engagements und der Motivitation unserer Mitarbeiter. Die Kommunikation in englischer Sprache geh\u00f6rt zum Alltagsleben unserer Kollegen, aber die deutsche Sprache spielt auch eine sehr wichtige Rolle in der Zusammenarbeit mit unseren Kunden.<\/p>\n<p>\t\t\t\t0<br \/>\n\t\t\t\t+<br \/>\n\t\t\t\t\t\t\tFirma<br \/>\n\t\t\t\t0<br \/>\n\t\t\t\t+<br \/>\n\t\t\t\t\t\t\tJahre Erfahrung<br \/>\n\t\t\t\t0<br \/>\n\t\t\t\t+<br \/>\n\t\t\t\t\t\t\tProjekte<br \/>\n\t\t\t\t0<br \/>\n\t\t\t\tK<br \/>\n\t\t\t\t\t\t\tTasse Kaffee<br \/>\n\t\t\t\t0<br \/>\n\t\t\t\tM<br \/>\n\t\t\t\t\t\t\tLoC<br \/>\n\t\tProfessionelles OutsourcingOffshoring, Nearshoring\t\t<\/p>\n<h4>Referenzen<\/h4>\n<p>\t\t\t\t\t\t\t\t\t\t\t\t\t<a href=\"https:\/\/www.gfk.com\" target=\"_blank\" rel=\"noopener\"><br \/>\n\t\t\t\t\t\t\t<img decoding=\"async\" width=\"60\" height=\"60\" src=\"https:\/\/staging.uai.group\/wp-content\/uploads\/2018\/12\/pic_client_1.jpg\" alt=\"\" loading=\"lazy\" sizes=\"auto, 100vw\" \/>\t\t\t\t\t\t\t\t<\/a><br \/>\n\t\t\t\t\t\t\t\t\t\t\t\t\t<a href=\"https:\/\/www.elster.com\" target=\"_blank\" rel=\"noopener\"><br \/>\n\t\t\t\t\t\t\t<img decoding=\"async\" width=\"104\" height=\"60\" src=\"https:\/\/staging.uai.group\/wp-content\/uploads\/2018\/12\/pic_client_3.jpg\" alt=\"\" loading=\"lazy\" sizes=\"auto, 100vw\" \/>\t\t\t\t\t\t\t\t<\/a><br \/>\n\t\t\t\t\t\t\t\t\t\t\t\t\t<a href=\"https:\/\/www.accenture.com\" target=\"_blank\" rel=\"noopener\"><br \/>\n\t\t\t\t\t\t\t<img decoding=\"async\" width=\"118\" height=\"60\" src=\"https:\/\/staging.uai.group\/wp-content\/uploads\/2018\/12\/pic_client_4.jpg\" alt=\"\" loading=\"lazy\" sizes=\"auto, 100vw\" \/>\t\t\t\t\t\t\t\t<\/a><br \/>\n\t\t\t\t\t\t\t\t\t\t\t\t\t<a href=\"http:\/\/www.abiscon.de\" target=\"_blank\" rel=\"noopener\"><br \/>\n\t\t\t\t\t\t\t<img decoding=\"async\" width=\"261\" height=\"60\" src=\"https:\/\/staging.uai.group\/wp-content\/uploads\/2018\/12\/pic_client_5.jpg\" alt=\"\" loading=\"lazy\" sizes=\"auto, 100vw\" \/>\t\t\t\t\t\t\t\t<\/a><br \/>\n\t\t\t\t\t\t\t\t\t\t\t\t\t<a href=\"https:\/\/www.cal-consult.de\" target=\"_blank\" rel=\"noopener\"><br \/>\n\t\t\t\t\t\t\t<img decoding=\"async\" width=\"250\" height=\"78\" src=\"https:\/\/staging.uai.group\/wp-content\/uploads\/2018\/12\/cal-consult_bb682255971667a1d8f3721ac8c70360.jpg\" alt=\"\" loading=\"lazy\" sizes=\"auto, 100vw\" \/>\t\t\t\t\t\t\t\t<\/a><br \/>\n\t\t\t\t\t\t\t\t\t\t\t\t\t<a href=\"https:\/\/www.conplement.de\" target=\"_blank\" rel=\"noopener\"><br \/>\n\t\t\t\t\t\t\t<img decoding=\"async\" width=\"260\" height=\"62\" src=\"https:\/\/staging.uai.group\/wp-content\/uploads\/2018\/12\/conplement_de.png\" alt=\"\" loading=\"lazy\" sizes=\"auto, 100vw\" \/>\t\t\t\t\t\t\t\t<\/a><\/p>\n","protected":false},"excerpt":{"rendered":"<p>Komplette Softwarel\u00f6sungen von der Planung bis zur WartungSystem Engineering Planung und Optimierung von verteilten und skalierbaren SystemenIT-BeratungMethodologische und technische Unterst\u00fctzung von ProjektenSoftware-Entwicklung\u00dcbernahme und Unterst\u00fctzung bei der Umsetzung Ihrer SW-Entwicklungsprojekte \u00fcber den kompletten LifecycleIndustrielle Software-Anwendungen Entlastung Ihrer Entwicklungsabteilung durch unsere Erfahrung bei der Entwicklung Ihrer Tools und ProdukteEmbedded SystemsAnforderungsgerechte Erstellung und Test der Hard- und FirmwareMobile [&hellip;]<\/p>\n","protected":false},"author":2,"featured_media":0,"parent":0,"menu_order":0,"comment_status":"closed","ping_status":"closed","template":"elementor_header_footer","meta":{"footnotes":""},"class_list":["post-536","page","type-page","status-publish","hentry"],"yoast_head":"<!-- This site is optimized with the Yoast SEO Premium plugin v22.9 (Yoast SEO v26.2) - https:\/\/yoast.com\/wordpress\/plugins\/seo\/ -->\n<title>Home - Marktsoft<\/title>\n<meta name=\"robots\" content=\"index, follow, max-snippet:-1, max-image-preview:large, max-video-preview:-1\" \/>\n<link rel=\"canonical\" href=\"https:\/\/staging.uai.group\/de\/\" \/>\n<meta property=\"og:locale\" content=\"de_DE\" \/>\n<meta property=\"og:type\" content=\"article\" \/>\n<meta property=\"og:title\" content=\"Home\" \/>\n<meta property=\"og:description\" content=\"Komplette Softwarel\u00f6sungen von der Planung bis zur WartungSystem Engineering Planung und Optimierung von verteilten und skalierbaren SystemenIT-BeratungMethodologische und technische Unterst\u00fctzung von ProjektenSoftware-Entwicklung\u00dcbernahme und Unterst\u00fctzung bei der Umsetzung Ihrer SW-Entwicklungsprojekte \u00fcber den kompletten LifecycleIndustrielle Software-Anwendungen Entlastung Ihrer Entwicklungsabteilung durch unsere Erfahrung bei der Entwicklung Ihrer Tools und ProdukteEmbedded SystemsAnforderungsgerechte Erstellung und Test der Hard- und FirmwareMobile [&hellip;]\" \/>\n<meta property=\"og:url\" content=\"https:\/\/staging.uai.group\/de\/\" \/>\n<meta property=\"og:site_name\" content=\"Marktsoft\" \/>\n<meta property=\"article:publisher\" content=\"https:\/\/www.facebook.com\/marktsoft\" \/>\n<meta property=\"article:modified_time\" content=\"2023-02-15T07:57:44+00:00\" \/>\n<meta property=\"og:image\" content=\"https:\/\/staging.uai.group\/wp-content\/uploads\/elementor\/thumbs\/icon_7-o0cwarplo0if0w990camlmvqv0lin26a52s9lx4yro.png\" \/>\n<meta name=\"twitter:card\" content=\"summary_large_image\" \/>\n<meta name=\"twitter:label1\" content=\"Gesch\u00e4tzte Lesezeit\" \/>\n\t<meta name=\"twitter:data1\" content=\"7\u00a0Minuten\" \/>\n<script type=\"application\/ld+json\" class=\"yoast-schema-graph\">{\"@context\":\"https:\/\/schema.org\",\"@graph\":[{\"@type\":\"WebPage\",\"@id\":\"https:\/\/staging.uai.group\/de\/\",\"url\":\"https:\/\/staging.uai.group\/de\/\",\"name\":\"Home - Marktsoft\",\"isPartOf\":{\"@id\":\"https:\/\/staging.uai.group\/#website\"},\"primaryImageOfPage\":{\"@id\":\"https:\/\/staging.uai.group\/de\/#primaryimage\"},\"image\":{\"@id\":\"https:\/\/staging.uai.group\/de\/#primaryimage\"},\"thumbnailUrl\":\"https:\/\/staging.uai.group\/wp-content\/uploads\/elementor\/thumbs\/icon_7-o0cwarplo0if0w990camlmvqv0lin26a52s9lx4yro.png\",\"datePublished\":\"2018-12-05T15:07:12+00:00\",\"dateModified\":\"2023-02-15T07:57:44+00:00\",\"breadcrumb\":{\"@id\":\"https:\/\/staging.uai.group\/de\/#breadcrumb\"},\"inLanguage\":\"de\",\"potentialAction\":[{\"@type\":\"ReadAction\",\"target\":[\"https:\/\/staging.uai.group\/de\/\"]}]},{\"@type\":\"ImageObject\",\"inLanguage\":\"de\",\"@id\":\"https:\/\/staging.uai.group\/de\/#primaryimage\",\"url\":\"https:\/\/staging.uai.group\/wp-content\/uploads\/elementor\/thumbs\/icon_7-o0cwarplo0if0w990camlmvqv0lin26a52s9lx4yro.png\",\"contentUrl\":\"https:\/\/staging.uai.group\/wp-content\/uploads\/elementor\/thumbs\/icon_7-o0cwarplo0if0w990camlmvqv0lin26a52s9lx4yro.png\"},{\"@type\":\"BreadcrumbList\",\"@id\":\"https:\/\/staging.uai.group\/de\/#breadcrumb\",\"itemListElement\":[{\"@type\":\"ListItem\",\"position\":1,\"name\":\"Kezd\u0151lap\",\"item\":\"https:\/\/staging.uai.group\/de\/\"},{\"@type\":\"ListItem\",\"position\":2,\"name\":\"Home\"}]},{\"@type\":\"WebSite\",\"@id\":\"https:\/\/staging.uai.group\/#website\",\"url\":\"https:\/\/staging.uai.group\/\",\"name\":\"Marktsoft\",\"description\":\"Teljesk\u00f6r\u0171 szoftvermegold\u00e1sok a tervez\u00e9st\u0151l az \u00fczemeltet\u00e9sig\",\"publisher\":{\"@id\":\"https:\/\/staging.uai.group\/#organization\"},\"potentialAction\":[{\"@type\":\"SearchAction\",\"target\":{\"@type\":\"EntryPoint\",\"urlTemplate\":\"https:\/\/staging.uai.group\/?s={search_term_string}\"},\"query-input\":{\"@type\":\"PropertyValueSpecification\",\"valueRequired\":true,\"valueName\":\"search_term_string\"}}],\"inLanguage\":\"de\"},{\"@type\":\"Organization\",\"@id\":\"https:\/\/staging.uai.group\/#organization\",\"name\":\"Marktsoft\",\"url\":\"https:\/\/staging.uai.group\/\",\"logo\":{\"@type\":\"ImageObject\",\"inLanguage\":\"de\",\"@id\":\"https:\/\/staging.uai.group\/#\/schema\/logo\/image\/\",\"url\":\"https:\/\/staging.uai.group\/wp-content\/uploads\/2022\/03\/cropped-marktsoft-logo-group-rgb-300.png\",\"contentUrl\":\"https:\/\/staging.uai.group\/wp-content\/uploads\/2022\/03\/cropped-marktsoft-logo-group-rgb-300.png\",\"width\":1013,\"height\":250,\"caption\":\"Marktsoft\"},\"image\":{\"@id\":\"https:\/\/staging.uai.group\/#\/schema\/logo\/image\/\"},\"sameAs\":[\"https:\/\/www.facebook.com\/marktsoft\",\"https:\/\/www.linkedin.com\/company\/12652419\/\"]}]}<\/script>\n<!-- \/ Yoast SEO Premium plugin. -->","yoast_head_json":{"title":"Home - Marktsoft","robots":{"index":"index","follow":"follow","max-snippet":"max-snippet:-1","max-image-preview":"max-image-preview:large","max-video-preview":"max-video-preview:-1"},"canonical":"https:\/\/staging.uai.group\/de\/","og_locale":"de_DE","og_type":"article","og_title":"Home","og_description":"Komplette Softwarel\u00f6sungen von der Planung bis zur WartungSystem Engineering Planung und Optimierung von verteilten und skalierbaren SystemenIT-BeratungMethodologische und technische Unterst\u00fctzung von ProjektenSoftware-Entwicklung\u00dcbernahme und Unterst\u00fctzung bei der Umsetzung Ihrer SW-Entwicklungsprojekte \u00fcber den kompletten LifecycleIndustrielle Software-Anwendungen Entlastung Ihrer Entwicklungsabteilung durch unsere Erfahrung bei der Entwicklung Ihrer Tools und ProdukteEmbedded SystemsAnforderungsgerechte Erstellung und Test der Hard- und FirmwareMobile [&hellip;]","og_url":"https:\/\/staging.uai.group\/de\/","og_site_name":"Marktsoft","article_publisher":"https:\/\/www.facebook.com\/marktsoft","article_modified_time":"2023-02-15T07:57:44+00:00","og_image":[{"url":"https:\/\/staging.uai.group\/wp-content\/uploads\/elementor\/thumbs\/icon_7-o0cwarplo0if0w990camlmvqv0lin26a52s9lx4yro.png","type":"","width":"","height":""}],"twitter_card":"summary_large_image","twitter_misc":{"Gesch\u00e4tzte Lesezeit":"7\u00a0Minuten"},"schema":{"@context":"https:\/\/schema.org","@graph":[{"@type":"WebPage","@id":"https:\/\/staging.uai.group\/de\/","url":"https:\/\/staging.uai.group\/de\/","name":"Home - Marktsoft","isPartOf":{"@id":"https:\/\/staging.uai.group\/#website"},"primaryImageOfPage":{"@id":"https:\/\/staging.uai.group\/de\/#primaryimage"},"image":{"@id":"https:\/\/staging.uai.group\/de\/#primaryimage"},"thumbnailUrl":"https:\/\/staging.uai.group\/wp-content\/uploads\/elementor\/thumbs\/icon_7-o0cwarplo0if0w990camlmvqv0lin26a52s9lx4yro.png","datePublished":"2018-12-05T15:07:12+00:00","dateModified":"2023-02-15T07:57:44+00:00","breadcrumb":{"@id":"https:\/\/staging.uai.group\/de\/#breadcrumb"},"inLanguage":"de","potentialAction":[{"@type":"ReadAction","target":["https:\/\/staging.uai.group\/de\/"]}]},{"@type":"ImageObject","inLanguage":"de","@id":"https:\/\/staging.uai.group\/de\/#primaryimage","url":"https:\/\/staging.uai.group\/wp-content\/uploads\/elementor\/thumbs\/icon_7-o0cwarplo0if0w990camlmvqv0lin26a52s9lx4yro.png","contentUrl":"https:\/\/staging.uai.group\/wp-content\/uploads\/elementor\/thumbs\/icon_7-o0cwarplo0if0w990camlmvqv0lin26a52s9lx4yro.png"},{"@type":"BreadcrumbList","@id":"https:\/\/staging.uai.group\/de\/#breadcrumb","itemListElement":[{"@type":"ListItem","position":1,"name":"Kezd\u0151lap","item":"https:\/\/staging.uai.group\/de\/"},{"@type":"ListItem","position":2,"name":"Home"}]},{"@type":"WebSite","@id":"https:\/\/staging.uai.group\/#website","url":"https:\/\/staging.uai.group\/","name":"Marktsoft","description":"Teljesk\u00f6r\u0171 szoftvermegold\u00e1sok a tervez\u00e9st\u0151l az \u00fczemeltet\u00e9sig","publisher":{"@id":"https:\/\/staging.uai.group\/#organization"},"potentialAction":[{"@type":"SearchAction","target":{"@type":"EntryPoint","urlTemplate":"https:\/\/staging.uai.group\/?s={search_term_string}"},"query-input":{"@type":"PropertyValueSpecification","valueRequired":true,"valueName":"search_term_string"}}],"inLanguage":"de"},{"@type":"Organization","@id":"https:\/\/staging.uai.group\/#organization","name":"Marktsoft","url":"https:\/\/staging.uai.group\/","logo":{"@type":"ImageObject","inLanguage":"de","@id":"https:\/\/staging.uai.group\/#\/schema\/logo\/image\/","url":"https:\/\/staging.uai.group\/wp-content\/uploads\/2022\/03\/cropped-marktsoft-logo-group-rgb-300.png","contentUrl":"https:\/\/staging.uai.group\/wp-content\/uploads\/2022\/03\/cropped-marktsoft-logo-group-rgb-300.png","width":1013,"height":250,"caption":"Marktsoft"},"image":{"@id":"https:\/\/staging.uai.group\/#\/schema\/logo\/image\/"},"sameAs":["https:\/\/www.facebook.com\/marktsoft","https:\/\/www.linkedin.com\/company\/12652419\/"]}]}},"_links":{"self":[{"href":"https:\/\/staging.uai.group\/de\/wp-json\/wp\/v2\/pages\/536","targetHints":{"allow":["GET"]}}],"collection":[{"href":"https:\/\/staging.uai.group\/de\/wp-json\/wp\/v2\/pages"}],"about":[{"href":"https:\/\/staging.uai.group\/de\/wp-json\/wp\/v2\/types\/page"}],"author":[{"embeddable":true,"href":"https:\/\/staging.uai.group\/de\/wp-json\/wp\/v2\/users\/2"}],"replies":[{"embeddable":true,"href":"https:\/\/staging.uai.group\/de\/wp-json\/wp\/v2\/comments?post=536"}],"version-history":[{"count":13,"href":"https:\/\/staging.uai.group\/de\/wp-json\/wp\/v2\/pages\/536\/revisions"}],"predecessor-version":[{"id":2125,"href":"https:\/\/staging.uai.group\/de\/wp-json\/wp\/v2\/pages\/536\/revisions\/2125"}],"wp:attachment":[{"href":"https:\/\/staging.uai.group\/de\/wp-json\/wp\/v2\/media?parent=536"}],"curies":[{"name":"wp","href":"https:\/\/api.w.org\/{rel}","templated":true}]}}